{"id":322,"date":"2025-06-07T11:35:22","date_gmt":"2025-06-07T11:35:22","guid":{"rendered":"https:\/\/fyntra.qdevs-demo.com\/?page_id=322"},"modified":"2025-06-19T08:02:31","modified_gmt":"2025-06-19T08:02:31","slug":"rechtliche-hinweise","status":"publish","type":"page","link":"https:\/\/fyntra.qdevs-demo.com\/de\/rechtliche-hinweise\/","title":{"rendered":"Rechtliche Hinweise"},"content":{"rendered":"\n<p><strong>Offenlegung 1<\/strong><\/p>\n\n\n\n<p>FYNTRA ist ein reiner SaaS-Anbieter f\u00fcr B2B-Kunden und deren Nutzer von Self-Custody-Wallets, die aus Drittanbieter-Integrationen von lizenzierten und regulierten Finanz- und Krypto-Institutionen bestehen, welche die Dienstleistungen erbringen.<\/p>\n\n\n\n<p><strong>Offenlegung 2<\/strong><\/p>\n\n\n\n<p>Die von FYNTRA Fintech AG bereitgestellten Self-Custody-Wallets sind \u201enon-custodial\u201c Wallets. Das bedeutet, dass weder die FYNTRA Fintech AG noch ihre B2B-White-Label-Kunden Zugriff auf die privaten Schl\u00fcssel der NUTZER haben und keine M\u00f6glichkeit oder Befugnis besitzen, \u00fcber die VERM\u00d6GENSWERTE der NUTZER zu verf\u00fcgen.<\/p>\n\n\n\n<p><strong>Offenlegung 3<\/strong><\/p>\n\n\n\n<p>Die zentralisierten Liquidit\u00e4tspools werden AUSSCHLIESSLICH von einem Partnernetzwerk regulierter und lizenzierter Krypto-B\u00f6rsen bereitgestellt. Der NUTZER steht in einem direkten kommerziellen und regulatorischen Verh\u00e4ltnis zu der regulierten Einheit und greift \u00fcber die Benutzeroberfl\u00e4che der Plattform auf deren Dienstleistungen zu.<\/p>\n\n\n\n<p><strong>Rechtliche Zust\u00e4ndigkeit<\/strong><\/p>\n\n\n\n<p>F\u00fcrstentum Liechtenstein<\/p>\n","protected":false},"excerpt":{"rendered":"<p>Offenlegung 1 FYNTRA ist ein reiner SaaS-Anbieter f\u00fcr B2B-Kunden und deren Nutzer von Self-Custody-Wallets, die aus Drittanbieter-Integrationen von lizenzierten und regulierten Finanz- und Krypto-Institutionen bestehen, welche die Dienstleistungen erbringen. Offenlegung 2 Die von FYNTRA Fintech AG bereitgestellten Self-Custody-Wallets sind \u201enon-custodial\u201c Wallets. Das bedeutet, dass weder die FYNTRA Fintech AG noch ihre B2B-White-Label-Kunden Zugriff auf die [&hellip;]<\/p>\n","protected":false},"author":1,"featured_media":0,"parent":0,"menu_order":0,"comment_status":"closed","ping_status":"closed","template":"","meta":{"footnotes":""},"class_list":["post-322","page","type-page","status-publish","hentry"],"_links":{"self":[{"href":"https:\/\/fyntra.qdevs-demo.com\/de\/wp-json\/wp\/v2\/pages\/322","targetHints":{"allow":["GET"]}}],"collection":[{"href":"https:\/\/fyntra.qdevs-demo.com\/de\/wp-json\/wp\/v2\/pages"}],"about":[{"href":"https:\/\/fyntra.qdevs-demo.com\/de\/wp-json\/wp\/v2\/types\/page"}],"author":[{"embeddable":true,"href":"https:\/\/fyntra.qdevs-demo.com\/de\/wp-json\/wp\/v2\/users\/1"}],"replies":[{"embeddable":true,"href":"https:\/\/fyntra.qdevs-demo.com\/de\/wp-json\/wp\/v2\/comments?post=322"}],"version-history":[{"count":1,"href":"https:\/\/fyntra.qdevs-demo.com\/de\/wp-json\/wp\/v2\/pages\/322\/revisions"}],"predecessor-version":[{"id":323,"href":"https:\/\/fyntra.qdevs-demo.com\/de\/wp-json\/wp\/v2\/pages\/322\/revisions\/323"}],"wp:attachment":[{"href":"https:\/\/fyntra.qdevs-demo.com\/de\/wp-json\/wp\/v2\/media?parent=322"}],"curies":[{"name":"wp","href":"https:\/\/api.w.org\/{rel}","templated":true}]}}